{"id":78,"date":"2023-06-14T00:18:55","date_gmt":"2023-06-14T00:18:55","guid":{"rendered":"https:\/\/osbeiroes.pt\/WC2023\/?page_id=78"},"modified":"2023-06-19T22:58:32","modified_gmt":"2023-06-19T22:58:32","slug":"location","status":"publish","type":"page","link":"https:\/\/osbeiroes.pt\/WC2024\/index.php\/location\/","title":{"rendered":"Location"},"content":{"rendered":"\t\t<div data-elementor-type=\"wp-page\" data-elementor-id=\"78\" class=\"elementor elementor-78\">\n\t\t\t\t\t\t<section class=\"elementor-section elementor-top-section elementor-element elementor-element-0af92e2 elementor-section-boxed elementor-section-height-default elementor-section-height-default\" data-id=\"0af92e2\" data-element_type=\"section\">\n\t\t\t\t\t\t<div class=\"elementor-container elementor-column-gap-default\">\n\t\t\t\t\t<div class=\"elementor-column elementor-col-100 elementor-top-column elementor-element elementor-element-b534b66\" data-id=\"b534b66\" data-element_type=\"column\">\n\t\t\t<div class=\"elementor-widget-wrap elementor-element-populated\">\n\t\t\t\t\t\t<div class=\"elementor-element elementor-element-13c5710 elementor-widget elementor-widget-text-editor\" data-id=\"13c5710\" data-element_type=\"widget\" data-widget_type=\"text-editor.default\">\n\t\t\t\t<div class=\"elementor-widget-container\">\n\t\t\t<style>\/*! elementor - v3.20.0 - 26-03-2024 *\/\n.elementor-widget-text-editor.elementor-drop-cap-view-stacked .elementor-drop-cap{background-color:#69727d;color:#fff}.elementor-widget-text-editor.elementor-drop-cap-view-framed .elementor-drop-cap{color:#69727d;border:3px solid;background-color:transparent}.elementor-widget-text-editor:not(.elementor-drop-cap-view-default) .elementor-drop-cap{margin-top:8px}.elementor-widget-text-editor:not(.elementor-drop-cap-view-default) .elementor-drop-cap-letter{width:1em;height:1em}.elementor-widget-text-editor .elementor-drop-cap{float:left;text-align:center;line-height:1;font-size:50px}.elementor-widget-text-editor .elementor-drop-cap-letter{display:inline-block}<\/style>\t\t\t\t<p>Guarda\u2026that\u2019s the name\u2026of the town, the area, the district\u2026the region that, for centuries, with more or less space, has lived close to Castilla.<br \/>For long, long years, its people have become accustomed to the whiteness of the snow, the greenness of hard-worked fields, the yellow color of cornfields turned gold, and specially to the greyness of the granite stone that seems to have carved the character of the man living there who, for centuries, in constant proximity to Mother Earth, has also sculptured and let himself be sculptured by it.<\/p>\t\t\t\t\t\t<\/div>\n\t\t\t\t<\/div>\n\t\t\t\t<div class=\"elementor-element elementor-element-0af9cd1 elementor-widget elementor-widget-image-gallery\" data-id=\"0af9cd1\" data-element_type=\"widget\" data-widget_type=\"image-gallery.default\">\n\t\t\t\t<div class=\"elementor-widget-container\">\n\t\t\t<style>\/*! elementor - v3.20.0 - 26-03-2024 *\/\n.elementor-image-gallery .gallery-item{display:inline-block;text-align:center;vertical-align:top;width:100%;max-width:100%;margin:0 auto}.elementor-image-gallery .gallery-item img{margin:0 auto}.elementor-image-gallery .gallery-item .gallery-caption{margin:0}.elementor-image-gallery figure img{display:block}.elementor-image-gallery figure figcaption{width:100%}.gallery-spacing-custom .elementor-image-gallery .gallery-icon{padding:0}@media (min-width:768px){.elementor-image-gallery .gallery-columns-2 .gallery-item{max-width:50%}.elementor-image-gallery .gallery-columns-3 .gallery-item{max-width:33.33%}.elementor-image-gallery .gallery-columns-4 .gallery-item{max-width:25%}.elementor-image-gallery .gallery-columns-5 .gallery-item{max-width:20%}.elementor-image-gallery .gallery-columns-6 .gallery-item{max-width:16.666%}.elementor-image-gallery .gallery-columns-7 .gallery-item{max-width:14.28%}.elementor-image-gallery .gallery-columns-8 .gallery-item{max-width:12.5%}.elementor-image-gallery .gallery-columns-9 .gallery-item{max-width:11.11%}.elementor-image-gallery .gallery-columns-10 .gallery-item{max-width:10%}}@media (min-width:480px) and (max-width:767px){.elementor-image-gallery .gallery.gallery-columns-2 .gallery-item,.elementor-image-gallery .gallery.gallery-columns-3 .gallery-item,.elementor-image-gallery .gallery.gallery-columns-4 .gallery-item,.elementor-image-gallery .gallery.gallery-columns-5 .gallery-item,.elementor-image-gallery .gallery.gallery-columns-6 .gallery-item,.elementor-image-gallery .gallery.gallery-columns-7 .gallery-item,.elementor-image-gallery .gallery.gallery-columns-8 .gallery-item,.elementor-image-gallery .gallery.gallery-columns-9 .gallery-item,.elementor-image-gallery .gallery.gallery-columns-10 .gallery-item{max-width:50%}}@media (max-width:479px){.elementor-image-gallery .gallery.gallery-columns-2 .gallery-item,.elementor-image-gallery .gallery.gallery-columns-3 .gallery-item,.elementor-image-gallery .gallery.gallery-columns-4 .gallery-item,.elementor-image-gallery .gallery.gallery-columns-5 .gallery-item,.elementor-image-gallery .gallery.gallery-columns-6 .gallery-item,.elementor-image-gallery .gallery.gallery-columns-7 .gallery-item,.elementor-image-gallery .gallery.gallery-columns-8 .gallery-item,.elementor-image-gallery .gallery.gallery-columns-9 .gallery-item,.elementor-image-gallery .gallery.gallery-columns-10 .gallery-item{max-width:100%}}<\/style>\t\t<div class=\"elementor-image-gallery\">\n\t\t\t<div id='gallery-1' class='gallery galleryid-78 gallery-columns-3 gallery-size-medium_large'><figure class='gallery-item'>\n\t\t\t<div class='gallery-icon landscape'>\n\t\t\t\t<a data-elementor-open-lightbox=\"yes\" data-elementor-lightbox-slideshow=\"0af9cd1\" data-elementor-lightbox-title=\"guarda01\" data-e-action-hash=\"#elementor-action%3Aaction%3Dlightbox%26settings%3DeyJpZCI6MTQwLCJ1cmwiOiJodHRwczpcL1wvb3NiZWlyb2VzLnB0XC9XQzIwMjRcL3dwLWNvbnRlbnRcL3VwbG9hZHNcLzIwMjNcLzA2XC9ndWFyZGEwMS5qcGciLCJzbGlkZXNob3ciOiIwYWY5Y2QxIn0%3D\" href='https:\/\/osbeiroes.pt\/WC2024\/wp-content\/uploads\/2023\/06\/guarda01.jpg'><img fetchpriority=\"high\" decoding=\"async\" width=\"525\" height=\"328\" src=\"https:\/\/osbeiroes.pt\/WC2024\/wp-content\/uploads\/2023\/06\/guarda01-768x480.jpg\" class=\"attachment-medium_large size-medium_large\" alt=\"\" srcset=\"https:\/\/osbeiroes.pt\/WC2024\/wp-content\/uploads\/2023\/06\/guarda01-768x480.jpg 768w, https:\/\/osbeiroes.pt\/WC2024\/wp-content\/uploads\/2023\/06\/guarda01-300x188.jpg 300w, https:\/\/osbeiroes.pt\/WC2024\/wp-content\/uploads\/2023\/06\/guarda01.jpg 800w\" sizes=\"(max-width: 525px) 100vw, 525px\" \/><\/a>\n\t\t\t<\/div><\/figure><figure class='gallery-item'>\n\t\t\t<div class='gallery-icon landscape'>\n\t\t\t\t<a data-elementor-open-lightbox=\"yes\" data-elementor-lightbox-slideshow=\"0af9cd1\" data-elementor-lightbox-title=\"guarda02\" data-e-action-hash=\"#elementor-action%3Aaction%3Dlightbox%26settings%3DeyJpZCI6MTQxLCJ1cmwiOiJodHRwczpcL1wvb3NiZWlyb2VzLnB0XC9XQzIwMjRcL3dwLWNvbnRlbnRcL3VwbG9hZHNcLzIwMjNcLzA2XC9ndWFyZGEwMi5qcGciLCJzbGlkZXNob3ciOiIwYWY5Y2QxIn0%3D\" href='https:\/\/osbeiroes.pt\/WC2024\/wp-content\/uploads\/2023\/06\/guarda02.jpg'><img decoding=\"async\" width=\"525\" height=\"328\" src=\"https:\/\/osbeiroes.pt\/WC2024\/wp-content\/uploads\/2023\/06\/guarda02-768x480.jpg\" class=\"attachment-medium_large size-medium_large\" alt=\"\" srcset=\"https:\/\/osbeiroes.pt\/WC2024\/wp-content\/uploads\/2023\/06\/guarda02-768x480.jpg 768w, https:\/\/osbeiroes.pt\/WC2024\/wp-content\/uploads\/2023\/06\/guarda02-300x188.jpg 300w, https:\/\/osbeiroes.pt\/WC2024\/wp-content\/uploads\/2023\/06\/guarda02.jpg 800w\" sizes=\"(max-width: 525px) 100vw, 525px\" \/><\/a>\n\t\t\t<\/div><\/figure><figure class='gallery-item'>\n\t\t\t<div class='gallery-icon landscape'>\n\t\t\t\t<a data-elementor-open-lightbox=\"yes\" data-elementor-lightbox-slideshow=\"0af9cd1\" data-elementor-lightbox-title=\"guarda03\" data-e-action-hash=\"#elementor-action%3Aaction%3Dlightbox%26settings%3DeyJpZCI6MTQyLCJ1cmwiOiJodHRwczpcL1wvb3NiZWlyb2VzLnB0XC9XQzIwMjRcL3dwLWNvbnRlbnRcL3VwbG9hZHNcLzIwMjNcLzA2XC9ndWFyZGEwMy5qcGciLCJzbGlkZXNob3ciOiIwYWY5Y2QxIn0%3D\" href='https:\/\/osbeiroes.pt\/WC2024\/wp-content\/uploads\/2023\/06\/guarda03.jpg'><img decoding=\"async\" width=\"525\" height=\"328\" src=\"https:\/\/osbeiroes.pt\/WC2024\/wp-content\/uploads\/2023\/06\/guarda03-768x480.jpg\" class=\"attachment-medium_large size-medium_large\" alt=\"\" srcset=\"https:\/\/osbeiroes.pt\/WC2024\/wp-content\/uploads\/2023\/06\/guarda03-768x480.jpg 768w, https:\/\/osbeiroes.pt\/WC2024\/wp-content\/uploads\/2023\/06\/guarda03-300x188.jpg 300w, https:\/\/osbeiroes.pt\/WC2024\/wp-content\/uploads\/2023\/06\/guarda03.jpg 800w\" sizes=\"(max-width: 525px) 100vw, 525px\" \/><\/a>\n\t\t\t<\/div><\/figure><figure class='gallery-item'>\n\t\t\t<div class='gallery-icon landscape'>\n\t\t\t\t<a data-elementor-open-lightbox=\"yes\" data-elementor-lightbox-slideshow=\"0af9cd1\" data-elementor-lightbox-title=\"guarda04\" data-e-action-hash=\"#elementor-action%3Aaction%3Dlightbox%26settings%3DeyJpZCI6MTQzLCJ1cmwiOiJodHRwczpcL1wvb3NiZWlyb2VzLnB0XC9XQzIwMjRcL3dwLWNvbnRlbnRcL3VwbG9hZHNcLzIwMjNcLzA2XC9ndWFyZGEwNC5qcGciLCJzbGlkZXNob3ciOiIwYWY5Y2QxIn0%3D\" href='https:\/\/osbeiroes.pt\/WC2024\/wp-content\/uploads\/2023\/06\/guarda04.jpg'><img loading=\"lazy\" decoding=\"async\" width=\"525\" height=\"328\" src=\"https:\/\/osbeiroes.pt\/WC2024\/wp-content\/uploads\/2023\/06\/guarda04-768x480.jpg\" class=\"attachment-medium_large size-medium_large\" alt=\"\" srcset=\"https:\/\/osbeiroes.pt\/WC2024\/wp-content\/uploads\/2023\/06\/guarda04-768x480.jpg 768w, https:\/\/osbeiroes.pt\/WC2024\/wp-content\/uploads\/2023\/06\/guarda04-300x188.jpg 300w, https:\/\/osbeiroes.pt\/WC2024\/wp-content\/uploads\/2023\/06\/guarda04.jpg 800w\" sizes=\"(max-width: 525px) 100vw, 525px\" \/><\/a>\n\t\t\t<\/div><\/figure><figure class='gallery-item'>\n\t\t\t<div class='gallery-icon landscape'>\n\t\t\t\t<a data-elementor-open-lightbox=\"yes\" data-elementor-lightbox-slideshow=\"0af9cd1\" data-elementor-lightbox-title=\"guarda05\" data-e-action-hash=\"#elementor-action%3Aaction%3Dlightbox%26settings%3DeyJpZCI6MTQ0LCJ1cmwiOiJodHRwczpcL1wvb3NiZWlyb2VzLnB0XC9XQzIwMjRcL3dwLWNvbnRlbnRcL3VwbG9hZHNcLzIwMjNcLzA2XC9ndWFyZGEwNS5qcGciLCJzbGlkZXNob3ciOiIwYWY5Y2QxIn0%3D\" href='https:\/\/osbeiroes.pt\/WC2024\/wp-content\/uploads\/2023\/06\/guarda05.jpg'><img loading=\"lazy\" decoding=\"async\" width=\"525\" height=\"328\" src=\"https:\/\/osbeiroes.pt\/WC2024\/wp-content\/uploads\/2023\/06\/guarda05-768x480.jpg\" class=\"attachment-medium_large size-medium_large\" alt=\"\" srcset=\"https:\/\/osbeiroes.pt\/WC2024\/wp-content\/uploads\/2023\/06\/guarda05-768x480.jpg 768w, https:\/\/osbeiroes.pt\/WC2024\/wp-content\/uploads\/2023\/06\/guarda05-300x188.jpg 300w, https:\/\/osbeiroes.pt\/WC2024\/wp-content\/uploads\/2023\/06\/guarda05.jpg 800w\" sizes=\"(max-width: 525px) 100vw, 525px\" \/><\/a>\n\t\t\t<\/div><\/figure><figure class='gallery-item'>\n\t\t\t<div class='gallery-icon landscape'>\n\t\t\t\t<a data-elementor-open-lightbox=\"yes\" data-elementor-lightbox-slideshow=\"0af9cd1\" data-elementor-lightbox-title=\"guarda06\" data-e-action-hash=\"#elementor-action%3Aaction%3Dlightbox%26settings%3DeyJpZCI6MTQ1LCJ1cmwiOiJodHRwczpcL1wvb3NiZWlyb2VzLnB0XC9XQzIwMjRcL3dwLWNvbnRlbnRcL3VwbG9hZHNcLzIwMjNcLzA2XC9ndWFyZGEwNi5qcGciLCJzbGlkZXNob3ciOiIwYWY5Y2QxIn0%3D\" href='https:\/\/osbeiroes.pt\/WC2024\/wp-content\/uploads\/2023\/06\/guarda06.jpg'><img loading=\"lazy\" decoding=\"async\" width=\"525\" height=\"328\" src=\"https:\/\/osbeiroes.pt\/WC2024\/wp-content\/uploads\/2023\/06\/guarda06-768x480.jpg\" class=\"attachment-medium_large size-medium_large\" alt=\"\" srcset=\"https:\/\/osbeiroes.pt\/WC2024\/wp-content\/uploads\/2023\/06\/guarda06-768x480.jpg 768w, https:\/\/osbeiroes.pt\/WC2024\/wp-content\/uploads\/2023\/06\/guarda06-300x188.jpg 300w, https:\/\/osbeiroes.pt\/WC2024\/wp-content\/uploads\/2023\/06\/guarda06.jpg 800w\" sizes=\"(max-width: 525px) 100vw, 525px\" \/><\/a>\n\t\t\t<\/div><\/figure>\n\t\t<\/div>\n\t\t<\/div>\n\t\t\t\t<\/div>\n\t\t\t\t<\/div>\n\t\t\t\t<div class=\"elementor-element elementor-element-1220df7 elementor-widget elementor-widget-text-editor\" data-id=\"1220df7\" data-element_type=\"widget\" data-widget_type=\"text-editor.default\">\n\t\t\t\t<div class=\"elementor-widget-container\">\n\t\t\t\t\t\t\t<p>The \u2018gray stone\u2019 is, without any doubt, an essential part of the man<br>of\n Beira, it has given birth to true works of art, from the pre-historical\n engravings at Foz C\u00f4a to the Cathedral of Guarda, from the towers and \nfortresses to the lands of Riba C\u00f4a, or the masterpieces of nature \nitself \u2013 the huge rocks of the mountain called Estrela!<br>Much more \ncolourful is the way of living and doing, showing plenty of hospitality \nand knowledge, passed down from grandparents to grandchildren and \ntransmitting to the new generations the feeling of belonging.<\/p>\t\t\t\t\t\t<\/div>\n\t\t\t\t<\/div>\n\t\t\t\t<div class=\"elementor-element elementor-element-5b3fc98 elementor-widget elementor-widget-image-gallery\" data-id=\"5b3fc98\" data-element_type=\"widget\" data-widget_type=\"image-gallery.default\">\n\t\t\t\t<div class=\"elementor-widget-container\">\n\t\t\t\t\t<div class=\"elementor-image-gallery\">\n\t\t\t<div id='gallery-2' class='gallery galleryid-78 gallery-columns-3 gallery-size-medium'><figure class='gallery-item'>\n\t\t\t<div class='gallery-icon landscape'>\n\t\t\t\t<a data-elementor-open-lightbox=\"yes\" data-elementor-lightbox-slideshow=\"5b3fc98\" data-elementor-lightbox-title=\"passadicos3\" data-e-action-hash=\"#elementor-action%3Aaction%3Dlightbox%26settings%3DeyJpZCI6MTQ4LCJ1cmwiOiJodHRwczpcL1wvb3NiZWlyb2VzLnB0XC9XQzIwMjRcL3dwLWNvbnRlbnRcL3VwbG9hZHNcLzIwMjNcLzA2XC9wYXNzYWRpY29zMy5qcGciLCJzbGlkZXNob3ciOiI1YjNmYzk4In0%3D\" href='https:\/\/osbeiroes.pt\/WC2024\/wp-content\/uploads\/2023\/06\/passadicos3.jpg'><img loading=\"lazy\" decoding=\"async\" width=\"300\" height=\"188\" src=\"https:\/\/osbeiroes.pt\/WC2024\/wp-content\/uploads\/2023\/06\/passadicos3-300x188.jpg\" class=\"attachment-medium size-medium\" alt=\"\" srcset=\"https:\/\/osbeiroes.pt\/WC2024\/wp-content\/uploads\/2023\/06\/passadicos3-300x188.jpg 300w, https:\/\/osbeiroes.pt\/WC2024\/wp-content\/uploads\/2023\/06\/passadicos3-768x480.jpg 768w, https:\/\/osbeiroes.pt\/WC2024\/wp-content\/uploads\/2023\/06\/passadicos3.jpg 800w\" sizes=\"(max-width: 300px) 100vw, 300px\" \/><\/a>\n\t\t\t<\/div><\/figure><figure class='gallery-item'>\n\t\t\t<div class='gallery-icon landscape'>\n\t\t\t\t<a data-elementor-open-lightbox=\"yes\" data-elementor-lightbox-slideshow=\"5b3fc98\" data-elementor-lightbox-title=\"passadicos2\" data-e-action-hash=\"#elementor-action%3Aaction%3Dlightbox%26settings%3DeyJpZCI6MTQ3LCJ1cmwiOiJodHRwczpcL1wvb3NiZWlyb2VzLnB0XC9XQzIwMjRcL3dwLWNvbnRlbnRcL3VwbG9hZHNcLzIwMjNcLzA2XC9wYXNzYWRpY29zMi5qcGciLCJzbGlkZXNob3ciOiI1YjNmYzk4In0%3D\" href='https:\/\/osbeiroes.pt\/WC2024\/wp-content\/uploads\/2023\/06\/passadicos2.jpg'><img loading=\"lazy\" decoding=\"async\" width=\"300\" height=\"188\" src=\"https:\/\/osbeiroes.pt\/WC2024\/wp-content\/uploads\/2023\/06\/passadicos2-300x188.jpg\" class=\"attachment-medium size-medium\" alt=\"\" srcset=\"https:\/\/osbeiroes.pt\/WC2024\/wp-content\/uploads\/2023\/06\/passadicos2-300x188.jpg 300w, https:\/\/osbeiroes.pt\/WC2024\/wp-content\/uploads\/2023\/06\/passadicos2-768x480.jpg 768w, https:\/\/osbeiroes.pt\/WC2024\/wp-content\/uploads\/2023\/06\/passadicos2.jpg 800w\" sizes=\"(max-width: 300px) 100vw, 300px\" \/><\/a>\n\t\t\t<\/div><\/figure><figure class='gallery-item'>\n\t\t\t<div class='gallery-icon landscape'>\n\t\t\t\t<a data-elementor-open-lightbox=\"yes\" data-elementor-lightbox-slideshow=\"5b3fc98\" data-elementor-lightbox-title=\"passadicos1\" data-e-action-hash=\"#elementor-action%3Aaction%3Dlightbox%26settings%3DeyJpZCI6MTQ2LCJ1cmwiOiJodHRwczpcL1wvb3NiZWlyb2VzLnB0XC9XQzIwMjRcL3dwLWNvbnRlbnRcL3VwbG9hZHNcLzIwMjNcLzA2XC9wYXNzYWRpY29zMS5qcGciLCJzbGlkZXNob3ciOiI1YjNmYzk4In0%3D\" href='https:\/\/osbeiroes.pt\/WC2024\/wp-content\/uploads\/2023\/06\/passadicos1.jpg'><img loading=\"lazy\" decoding=\"async\" width=\"300\" height=\"196\" src=\"https:\/\/osbeiroes.pt\/WC2024\/wp-content\/uploads\/2023\/06\/passadicos1-300x196.jpg\" class=\"attachment-medium size-medium\" alt=\"\" srcset=\"https:\/\/osbeiroes.pt\/WC2024\/wp-content\/uploads\/2023\/06\/passadicos1-300x196.jpg 300w, https:\/\/osbeiroes.pt\/WC2024\/wp-content\/uploads\/2023\/06\/passadicos1.jpg 764w\" sizes=\"(max-width: 300px) 100vw, 300px\" \/><\/a>\n\t\t\t<\/div><\/figure>\n\t\t<\/div>\n\t\t<\/div>\n\t\t\t\t<\/div>\n\t\t\t\t<\/div>\n\t\t\t\t<div class=\"elementor-element elementor-element-3ca5666 elementor-widget elementor-widget-text-editor\" data-id=\"3ca5666\" data-element_type=\"widget\" data-widget_type=\"text-editor.default\">\n\t\t\t\t<div class=\"elementor-widget-container\">\n\t\t\t\t\t\t\t<p>That\u2019s why you will come to love Guarda, you will learn to love it. After all, loving Guarda is a state of mind. Reasons? Why? What for? \u201cThere are reasons the reason knows not.\u201d<\/p>\t\t\t\t\t\t<\/div>\n\t\t\t\t<\/div>\n\t\t\t\t<div class=\"elementor-element elementor-element-676fb07 elementor-widget elementor-widget-text-editor\" data-id=\"676fb07\" data-element_type=\"widget\" data-widget_type=\"text-editor.default\">\n\t\t\t\t<div class=\"elementor-widget-container\">\n\t\t\t\t\t\t\t<p><b>Local Gastronomy<\/b><br \/>Cold weather, plenty of hunting, farming and shepherds\u2019 life are reasons why the inhabitants of Guarda and its District have devel- oped a very typical culinary art, based on local resources. Trying the many different ways of cooking game and fish dishes, partridge, hare, rabbit, wild boar and trout will be a pleasant experience. For cold winter days we recommend \u2019strong dishes\u2019 based on grain, beans and maize flour. \u201cCozido \u00e0 Portuguesa\u201d (boiled beef and pork with vegetables, sausages and rice), cod and the traditional \u201cChou- ri\u00e7a\u201d (a type of sausage) appear in almost all menus in the restau- rants of the region.<br \/><br \/><\/p>\t\t\t\t\t\t<\/div>\n\t\t\t\t<\/div>\n\t\t\t\t<div class=\"elementor-element elementor-element-de50e4f elementor-widget elementor-widget-image-gallery\" data-id=\"de50e4f\" data-element_type=\"widget\" data-widget_type=\"image-gallery.default\">\n\t\t\t\t<div class=\"elementor-widget-container\">\n\t\t\t\t\t<div class=\"elementor-image-gallery\">\n\t\t\t<div id='gallery-3' class='gallery galleryid-78 gallery-columns-3 gallery-size-medium'><figure class='gallery-item'>\n\t\t\t<div class='gallery-icon landscape'>\n\t\t\t\t<a data-elementor-open-lightbox=\"yes\" data-elementor-lightbox-slideshow=\"de50e4f\" data-elementor-lightbox-title=\"gastronomia1\" data-e-action-hash=\"#elementor-action%3Aaction%3Dlightbox%26settings%3DeyJpZCI6MTQ5LCJ1cmwiOiJodHRwczpcL1wvb3NiZWlyb2VzLnB0XC9XQzIwMjRcL3dwLWNvbnRlbnRcL3VwbG9hZHNcLzIwMjNcLzA2XC9nYXN0cm9ub21pYTEuanBnIiwic2xpZGVzaG93IjoiZGU1MGU0ZiJ9\" href='https:\/\/osbeiroes.pt\/WC2024\/wp-content\/uploads\/2023\/06\/gastronomia1.jpg'><img loading=\"lazy\" decoding=\"async\" width=\"300\" height=\"188\" src=\"https:\/\/osbeiroes.pt\/WC2024\/wp-content\/uploads\/2023\/06\/gastronomia1-300x188.jpg\" class=\"attachment-medium size-medium\" alt=\"\" srcset=\"https:\/\/osbeiroes.pt\/WC2024\/wp-content\/uploads\/2023\/06\/gastronomia1-300x188.jpg 300w, https:\/\/osbeiroes.pt\/WC2024\/wp-content\/uploads\/2023\/06\/gastronomia1-768x480.jpg 768w, https:\/\/osbeiroes.pt\/WC2024\/wp-content\/uploads\/2023\/06\/gastronomia1.jpg 800w\" sizes=\"(max-width: 300px) 100vw, 300px\" \/><\/a>\n\t\t\t<\/div><\/figure><figure class='gallery-item'>\n\t\t\t<div class='gallery-icon landscape'>\n\t\t\t\t<a data-elementor-open-lightbox=\"yes\" data-elementor-lightbox-slideshow=\"de50e4f\" data-elementor-lightbox-title=\"gastronomia2\" data-e-action-hash=\"#elementor-action%3Aaction%3Dlightbox%26settings%3DeyJpZCI6MTUwLCJ1cmwiOiJodHRwczpcL1wvb3NiZWlyb2VzLnB0XC9XQzIwMjRcL3dwLWNvbnRlbnRcL3VwbG9hZHNcLzIwMjNcLzA2XC9nYXN0cm9ub21pYTIuanBnIiwic2xpZGVzaG93IjoiZGU1MGU0ZiJ9\" href='https:\/\/osbeiroes.pt\/WC2024\/wp-content\/uploads\/2023\/06\/gastronomia2.jpg'><img loading=\"lazy\" decoding=\"async\" width=\"300\" height=\"188\" src=\"https:\/\/osbeiroes.pt\/WC2024\/wp-content\/uploads\/2023\/06\/gastronomia2-300x188.jpg\" class=\"attachment-medium size-medium\" alt=\"\" srcset=\"https:\/\/osbeiroes.pt\/WC2024\/wp-content\/uploads\/2023\/06\/gastronomia2-300x188.jpg 300w, https:\/\/osbeiroes.pt\/WC2024\/wp-content\/uploads\/2023\/06\/gastronomia2-768x480.jpg 768w, https:\/\/osbeiroes.pt\/WC2024\/wp-content\/uploads\/2023\/06\/gastronomia2.jpg 800w\" sizes=\"(max-width: 300px) 100vw, 300px\" \/><\/a>\n\t\t\t<\/div><\/figure><figure class='gallery-item'>\n\t\t\t<div class='gallery-icon landscape'>\n\t\t\t\t<a data-elementor-open-lightbox=\"yes\" data-elementor-lightbox-slideshow=\"de50e4f\" data-elementor-lightbox-title=\"gastronomia3\" data-e-action-hash=\"#elementor-action%3Aaction%3Dlightbox%26settings%3DeyJpZCI6MTUxLCJ1cmwiOiJodHRwczpcL1wvb3NiZWlyb2VzLnB0XC9XQzIwMjRcL3dwLWNvbnRlbnRcL3VwbG9hZHNcLzIwMjNcLzA2XC9nYXN0cm9ub21pYTMuanBnIiwic2xpZGVzaG93IjoiZGU1MGU0ZiJ9\" href='https:\/\/osbeiroes.pt\/WC2024\/wp-content\/uploads\/2023\/06\/gastronomia3.jpg'><img loading=\"lazy\" decoding=\"async\" width=\"300\" height=\"188\" src=\"https:\/\/osbeiroes.pt\/WC2024\/wp-content\/uploads\/2023\/06\/gastronomia3-300x188.jpg\" class=\"attachment-medium size-medium\" alt=\"\" srcset=\"https:\/\/osbeiroes.pt\/WC2024\/wp-content\/uploads\/2023\/06\/gastronomia3-300x188.jpg 300w, https:\/\/osbeiroes.pt\/WC2024\/wp-content\/uploads\/2023\/06\/gastronomia3-768x480.jpg 768w, https:\/\/osbeiroes.pt\/WC2024\/wp-content\/uploads\/2023\/06\/gastronomia3.jpg 800w\" sizes=\"(max-width: 300px) 100vw, 300px\" \/><\/a>\n\t\t\t<\/div><\/figure>\n\t\t<\/div>\n\t\t<\/div>\n\t\t\t\t<\/div>\n\t\t\t\t<\/div>\n\t\t\t\t<div class=\"elementor-element elementor-element-cde34be elementor-widget elementor-widget-text-editor\" data-id=\"cde34be\" data-element_type=\"widget\" data-widget_type=\"text-editor.default\">\n\t\t\t\t<div class=\"elementor-widget-container\">\n\t\t\t\t\t\t\t<p>One of the most traditional dishes is kid, prepared in different ways all over the region. Pork dishes are the best known, specially \u201cenchidos\u201d (morcela, sweet morcela, farinheira and buchos) \u2014 dishes that will delight the visitors less accustomed to this kind of taste.<br \/>To accompany your meal try a local wine: D\u00e3o at Gouveia, Fornos and Seia; Douro at Foz C\u00f4a and M\u00eada, and the regional wines of Pinhel and Figueira de Castelo Rodrigo. You can also try the sparkling wine of Almofala the \u201caguardente\u201d (a kind of brandy of honey and arbutus), the Port wine directly from the producer, the traditional Jeropiga, the Ginginha of Almeida or different liqueurs of the region. To finish your meal you\u2019ll undoubtedly be tempted to taste the traditional sweet confectionery: sweets of conventual origin, the famous Sardinhas Doces at Trancoso, curd-cheese with marmalade, cavacas of Pinhel.<br \/>Almost everywhere it is possible to taste bread baked in firewood ovens, with special attention to P\u00e3o de Centeio (darkrye bread) of Sabugueiro. Add to the meal the heather honey of Serra da Estrela and finish with a bit of Queijo da Serra (mountain cheese) and you\u2019ll surely have enjoyed a wonderful meal.<\/p>\t\t\t\t\t\t<\/div>\n\t\t\t\t<\/div>\n\t\t\t\t<div class=\"elementor-element elementor-element-e4a434e elementor-widget elementor-widget-google_maps\" data-id=\"e4a434e\" data-element_type=\"widget\" data-widget_type=\"google_maps.default\">\n\t\t\t\t<div class=\"elementor-widget-container\">\n\t\t\t<style>\/*! elementor - v3.20.0 - 26-03-2024 *\/\n.elementor-widget-google_maps .elementor-widget-container{overflow:hidden}.elementor-widget-google_maps .elementor-custom-embed{line-height:0}.elementor-widget-google_maps iframe{height:300px}<\/style>\t\t<div class=\"elementor-custom-embed\">\n\t\t\t<iframe loading=\"lazy\"\n\t\t\t\t\tsrc=\"https:\/\/maps.google.com\/maps?q=Guarda%2C%20portugal&#038;t=m&#038;z=10&#038;output=embed&#038;iwloc=near\"\n\t\t\t\t\ttitle=\"Guarda, portugal\"\n\t\t\t\t\taria-label=\"Guarda, portugal\"\n\t\t\t><\/iframe>\n\t\t<\/div>\n\t\t\t\t<\/div>\n\t\t\t\t<\/div>\n\t\t\t\t\t<\/div>\n\t\t<\/div>\n\t\t\t\t\t<\/div>\n\t\t<\/section>\n\t\t\t\t<\/div>\n\t\t","protected":false},"excerpt":{"rendered":"<p>Guarda\u2026that\u2019s the name\u2026of the town, the area, the district\u2026the region that, for centuries, with more or less space, has lived close to Castilla.For long, long years, its people have become accustomed to the whiteness of the snow, the greenness of hard-worked fields, the yellow color of cornfields turned gold, and specially to the greyness of [&hellip;]<\/p>\n","protected":false},"author":1,"featured_media":0,"parent":0,"menu_order":0,"comment_status":"closed","ping_status":"closed","template":"","meta":{"footnotes":""},"class_list":["post-78","page","type-page","status-publish","hentry"],"_links":{"self":[{"href":"https:\/\/osbeiroes.pt\/WC2024\/index.php\/wp-json\/wp\/v2\/pages\/78","targetHints":{"allow":["GET"]}}],"collection":[{"href":"https:\/\/osbeiroes.pt\/WC2024\/index.php\/wp-json\/wp\/v2\/pages"}],"about":[{"href":"https:\/\/osbeiroes.pt\/WC2024\/index.php\/wp-json\/wp\/v2\/types\/page"}],"author":[{"embeddable":true,"href":"https:\/\/osbeiroes.pt\/WC2024\/index.php\/wp-json\/wp\/v2\/users\/1"}],"replies":[{"embeddable":true,"href":"https:\/\/osbeiroes.pt\/WC2024\/index.php\/wp-json\/wp\/v2\/comments?post=78"}],"version-history":[{"count":46,"href":"https:\/\/osbeiroes.pt\/WC2024\/index.php\/wp-json\/wp\/v2\/pages\/78\/revisions"}],"predecessor-version":[{"id":229,"href":"https:\/\/osbeiroes.pt\/WC2024\/index.php\/wp-json\/wp\/v2\/pages\/78\/revisions\/229"}],"wp:attachment":[{"href":"https:\/\/osbeiroes.pt\/WC2024\/index.php\/wp-json\/wp\/v2\/media?parent=78"}],"curies":[{"name":"wp","href":"https:\/\/api.w.org\/{rel}","templated":true}]}}